{"id":541,"date":"2025-02-22T18:42:24","date_gmt":"2025-02-22T18:42:24","guid":{"rendered":"https:\/\/susanneruge.com\/enig\/?page_id=541"},"modified":"2025-05-14T09:12:13","modified_gmt":"2025-05-14T09:12:13","slug":"datenschutz","status":"publish","type":"page","link":"https:\/\/eniggmbh.de\/?page_id=541","title":{"rendered":"Datenschutz"},"content":{"rendered":"\t\t<div data-elementor-type=\"wp-page\" data-elementor-id=\"541\" class=\"elementor elementor-541\" data-elementor-post-type=\"page\">\n\t\t\t\t<div class=\"elementor-element elementor-element-023640e e-flex e-con-boxed e-con e-parent\" data-id=\"023640e\" data-element_type=\"container\">\n\t\t\t\t\t<div class=\"e-con-inner\">\n\t\t\t\t<div class=\"elementor-element elementor-element-4926443 elementor-widget elementor-widget-menu-anchor\" data-id=\"4926443\" data-element_type=\"widget\" data-widget_type=\"menu-anchor.default\">\n\t\t\t\t<div class=\"elementor-widget-container\">\n\t\t\t\t\t\t\t<div class=\"elementor-menu-anchor\" id=\"start\"><\/div>\n\t\t\t\t\t\t<\/div>\n\t\t\t\t<\/div>\n\t\t\t\t<div class=\"elementor-element elementor-element-05996c8 elementor-widget elementor-widget-heading\" data-id=\"05996c8\" data-element_type=\"widget\" data-widget_type=\"heading.default\">\n\t\t\t\t<div class=\"elementor-widget-container\">\n\t\t\t\t\t<h2 class=\"elementor-heading-title elementor-size-default\">Datenschutz<\/h2>\t\t\t\t<\/div>\n\t\t\t\t<\/div>\n\t\t\t\t\t<\/div>\n\t\t\t\t<\/div>\n\t\t<div class=\"elementor-element elementor-element-ff53cc3 e-flex e-con-boxed e-con e-parent\" data-id=\"ff53cc3\" data-element_type=\"container\">\n\t\t\t\t\t<div class=\"e-con-inner\">\n\t\t\t\t<div class=\"elementor-element elementor-element-e856130 elementor-widget__width-initial elementor-widget elementor-widget-text-editor\" data-id=\"e856130\" data-element_type=\"widget\" data-widget_type=\"text-editor.default\">\n\t\t\t\t<div class=\"elementor-widget-container\">\n\t\t\t\t\t\t\t\t\t<h2 class=\"wp-block-heading\"><span style=\"font-size: 14px;\">Personenbezogene Daten (nachfolgend zumeist nur \u201eDaten\u201c genannt) werden von uns nur im Rahmen der Erforderlichkeit sowie zum Zwecke der Bereitstellung eines funktionsf\u00e4higen und nutzerfreundlichen Internetauftritts, inklusive seiner Inhalte und der dort angebotenen Leistungen, verarbeitet.<\/span><\/h2><p>Gem\u00e4\u00df Art. 4 Ziffer 1. der Verordnung (EU) 2016\/679, also der Datenschutz-Grundverordnung (nachfolgend nur \u201eDSGVO\u201c genannt), gilt als \u201eVerarbeitung\u201c jeder mit oder ohne Hilfe automatisierter Verfahren ausgef\u00fchrter Vorgang oder jede solche Vorgangsreihe im Zusammenhang mit personenbezogenen Daten, wie das Erheben, das Erfassen, die Organisation, das Ordnen, die Speicherung, die Anpassung oder Ver\u00e4nderung, das Auslesen, das Abfragen, die Verwendung, die Offenlegung durch \u00dcbermittlung, Verbreitung oder eine andere Form der Bereitstellung, den Abgleich oder die Verkn\u00fcpfung, die Einschr\u00e4nkung, das L\u00f6schen oder die Vernichtung.<\/p><p>Mit der nachfolgenden Datenschutzerkl\u00e4rung informieren wir Sie insbesondere \u00fcber Art, Umfang, Zweck, Dauer und Rechtsgrundlage der Verarbeitung personenbezogener Daten, soweit wir entweder allein oder gemeinsam mit anderen \u00fcber die Zwecke und Mittel der Verarbeitung entscheiden. Zudem informieren wir Sie nachfolgend \u00fcber die von uns zu Optimierungszwecken sowie zur Steigerung der Nutzungsqualit\u00e4t eingesetzten Fremdkomponenten, soweit hierdurch Dritte Daten in wiederum eigener Verantwortung verarbeiten.<\/p><p>Unsere Datenschutzerkl\u00e4rung ist wie folgt gegliedert:<\/p><p>I. Informationen \u00fcber uns als Verantwortliche<br \/>II. Rechte der Nutzer und Betroffenen<br \/>III. Informationen zur Datenverarbeitung<\/p><h3 class=\"wp-block-heading\">I. Informationen \u00fcber uns als Verantwortliche<\/h3><p>Verantwortlicher Anbieter dieses Internetauftritts im datenschutzrechtlichen Sinne ist:<\/p><p>Enig GmbH<br \/>Susanne Ruge<br \/>Professor-Jorns-Stra\u00dfe 16<br \/>99310 Arnstadt<\/p><p>Telefon: +49 (0) 3628 45705<br \/>E-Mail: info@eniggmbh.de<\/p><h3 class=\"wp-block-heading\">II. Rechte der Nutzer und Betroffenen<\/h3><p>Mit Blick auf die nachfolgend noch n\u00e4her beschriebene Datenverarbeitung haben die Nutzer und Betroffenen das Recht<\/p><ul class=\"wp-block-list\"><li>auf Best\u00e4tigung, ob sie betreffende Daten verarbeitet werden, auf Auskunft \u00fcber die verarbeiteten Daten, auf weitere Informationen \u00fcber die Datenverarbeitung sowie auf Kopien der Daten (vgl. auch Art. 15 DSGVO);<\/li><li>auf Berichtigung oder Vervollst\u00e4ndigung unrichtiger bzw. unvollst\u00e4ndiger Daten (vgl. auch Art. 16 DSGVO);<\/li><li>auf unverz\u00fcgliche L\u00f6schung der sie betreffenden Daten (vgl. auch Art. 17 DSGVO), oder, alternativ, soweit eine weitere Verarbeitung gem\u00e4\u00df Art. 17 Abs. 3 DSGVO erforderlich ist, auf Einschr\u00e4nkung der Verarbeitung nach Ma\u00dfgabe von Art. 18 DSGVO;<\/li><li>auf Erhalt der sie betreffenden und von ihnen bereitgestellten Daten und auf \u00dcbermittlung dieser Daten an andere Anbieter\/Verantwortliche (vgl. auch Art. 20 DSGVO);<\/li><li>auf Beschwerde gegen\u00fcber der Aufsichtsbeh\u00f6rde, sofern sie der Ansicht sind, dass die sie betreffenden Daten durch den Anbieter unter Versto\u00df gegen datenschutzrechtliche Bestimmungen verarbeitet werden (vgl. auch Art. 77 DSGVO).<\/li><\/ul><p>Dar\u00fcber hinaus ist der Anbieter dazu verpflichtet, alle Empf\u00e4nger, denen gegen\u00fcber Daten durch den Anbieter offengelegt worden sind, \u00fcber jedwede Berichtigung oder L\u00f6schung von Daten oder die Einschr\u00e4nkung der Verarbeitung, die aufgrund der Artikel 16, 17 Abs. 1, 18 DSGVO erfolgt, zu unterrichten. Diese Verpflichtung besteht jedoch nicht, soweit diese Mitteilung unm\u00f6glich oder mit einem unverh\u00e4ltnism\u00e4\u00dfigen Aufwand verbunden ist. Unbeschadet dessen hat der Nutzer ein Recht auf Auskunft \u00fcber diese Empf\u00e4nger.<\/p><p><strong>Ebenfalls haben die Nutzer und Betroffenen nach Art. 21 DSGVO das Recht auf Widerspruch gegen die k\u00fcnftige Verarbeitung der sie betreffenden Daten, sofern die Daten durch den Anbieter nach Ma\u00dfgabe von Art. 6 Abs. 1 lit. f) DSGVO verarbeitet werden. Insbesondere ist ein Widerspruch gegen die Datenverarbeitung zum Zwecke der Direktwerbung statthaft.<\/strong><\/p><h3 class=\"wp-block-heading\">III. Informationen zur Datenverarbeitung<\/h3><p>Ihre bei Nutzung unseres Internetauftritts verarbeiteten Daten werden gel\u00f6scht oder gesperrt, sobald der Zweck der Speicherung entf\u00e4llt, der L\u00f6schung der Daten keine gesetzlichen Aufbewahrungspflichten entgegenstehen und nachfolgend keine anderslautenden Angaben zu einzelnen Verarbeitungsverfahren gemacht werden.<\/p><h4 class=\"jet-listing-dynamic-field__content\">Cookie Manager<\/h4><p>Zur Einholung einer Einwilligung zum Einsatz von technisch nicht notwendigen Cookies auf der Website, setzt der Anbieter einen Cookie-Manager ein.<\/p><p>Bei dem Aufruf der Website wird ein Cookie mit den Einstellungsinformationen auf dem Endger\u00e4t des Nutzers abgelegt, sodass bei einem weiteren Besuch die Abfrage in Bezug auf die Einwilligung nicht erfolgen muss.<\/p><p>Das Cookie ist erforderlich um eine rechtskonforme Einwilligung des Nutzers einzuholen.<\/p><p>Die Installation der Cookies kann der Nutzer durch Einstellungen seines Browsers verhindern bzw. beenden.<\/p><h4 class=\"jet-listing-dynamic-field__content\">Cookies<\/h4><h5>a) Sitzungs-Cookies\/Session-Cookies<\/h5><p>Wir verwenden mit unserem Internetauftritt sog. Cookies. Cookies sind kleine Textdateien oder andere Speichertechnologien, die durch den von Ihnen eingesetzten Internet-Browser auf Ihrem Endger\u00e4t ablegt und gespeichert werden. Durch diese Cookies werden im individuellen Umfang bestimmte Informationen von Ihnen, wie beispielsweise Ihre Browser- oder Standortdaten oder Ihre IP-Adresse, verarbeitet.<\/p><p>Durch diese Verarbeitung wird unser Internetauftritt benutzerfreundlicher, effektiver und sicherer, da die Verarbeitung bspw. die Wiedergabe unseres Internetauftritts in unterschiedlichen Sprachen oder das Angebot einer Warenkorbfunktion erm\u00f6glicht.<\/p><p>Rechtsgrundlage dieser Verarbeitung ist Art. 6 Abs. 1 lit b.) DSGVO, sofern diese Cookies Daten zur Vertragsanbahnung oder Vertragsabwicklung verarbeitet werden.<\/p><p>Falls die Verarbeitung nicht der Vertragsanbahnung oder Vertragsabwicklung dient, liegt unser berechtigtes Interesse in der Verbesserung der Funktionalit\u00e4t unseres Internetauftritts. Rechtsgrundlage ist in dann Art. 6 Abs. 1 lit. f) DSGVO.<\/p><p>Mit Schlie\u00dfen Ihres Internet-Browsers werden diese Session-Cookies gel\u00f6scht.<\/p><h5>b) Drittanbieter-Cookies<\/h5><p>Gegebenenfalls werden mit unserem Internetauftritt auch Cookies von Partnerunternehmen, mit denen wir zum Zwecke der Werbung, der Analyse oder der Funktionalit\u00e4ten unseres Internetauftritts zusammenarbeiten, verwendet.<\/p><p>Die Einzelheiten hierzu, insbesondere zu den Zwecken und den Rechtsgrundlagen der Verarbeitung solcher Drittanbieter-Cookies, entnehmen Sie bitte den nachfolgenden Informationen.<\/p><h5>c) Beseitigungsm\u00f6glichkeit<\/h5><p>Sie k\u00f6nnen die Installation der Cookies durch eine Einstellung Ihres Internet-Browsers verhindern oder einschr\u00e4nken. Ebenfalls k\u00f6nnen Sie bereits gespeicherte Cookies jederzeit l\u00f6schen. Die hierf\u00fcr erforderlichen Schritte und Ma\u00dfnahmen h\u00e4ngen jedoch von Ihrem konkret genutzten Internet-Browser ab. Bei Fragen benutzen Sie daher bitte die Hilfefunktion oder Dokumentation Ihres Internet-Browsers oder wenden sich an dessen Hersteller bzw. Support. Bei sog. Flash-Cookies kann die Verarbeitung allerdings nicht \u00fcber die Einstellungen des Browsers unterbunden werden. Stattdessen m\u00fcssen Sie insoweit die Einstellung Ihres Flash-Players \u00e4ndern. Auch die hierf\u00fcr erforderlichen Schritte und Ma\u00dfnahmen h\u00e4ngen von Ihrem konkret genutzten Flash-Player ab. Bei Fragen benutzen Sie daher bitte ebenso die Hilfefunktion oder Dokumentation Ihres Flash-Players oder wenden sich an den Hersteller bzw. Benutzer-Support.<\/p><p>Sollten Sie die Installation der Cookies verhindern oder einschr\u00e4nken, kann dies allerdings dazu f\u00fchren, dass nicht s\u00e4mtliche Funktionen unseres Internetauftritts vollumf\u00e4nglich nutzbar sind.<\/p><h4 class=\"jet-listing-dynamic-field__content\">Kontaktanfragen \/ Kontaktm\u00f6glichkeit<\/h4><p>Sofern Sie per Kontaktformular oder E-Mail mit uns in Kontakt treten, werden die dabei von Ihnen angegebenen Daten zur Bearbeitung Ihrer Anfrage genutzt. Die Angabe der Daten ist zur Bearbeitung und Beantwortung Ihre Anfrage erforderlich \u2013 ohne deren Bereitstellung k\u00f6nnen wir Ihre Anfrage nicht oder allenfalls eingeschr\u00e4nkt beantworten.<\/p><p>Rechtsgrundlage f\u00fcr diese Verarbeitung ist Art. 6 Abs. 1 lit. b) DSGVO.<\/p><p>Ihre Daten werden gel\u00f6scht, sofern Ihre Anfrage abschlie\u00dfend beantwortet worden ist und der L\u00f6schung keine gesetzlichen Aufbewahrungspflichten entgegenstehen, wie bspw. bei einer sich etwaig anschlie\u00dfenden Vertragsabwicklung.<\/p><h4 class=\"jet-listing-dynamic-field__content\">Serverdaten<\/h4><p>Aus technischen Gr\u00fcnden, insbesondere zur Gew\u00e4hrleistung eines sicheren und stabilen Internetauftritts, werden Daten durch Ihren Internet-Browser an uns bzw. an unseren Webspace-Provider \u00fcbermittelt. Mit diesen sog. Server-Logfiles werden u.a. Typ und Version Ihres Internetbrowsers, das Betriebssystem, die Website, von der aus Sie auf unseren Internetauftritt gewechselt haben (Referrer URL), die Website(s) unseres Internetauftritts, die Sie besuchen, Datum und Uhrzeit des jeweiligen Zugriffs sowie die IP-Adresse des Internetanschlusses, von dem aus die Nutzung unseres Internetauftritts erfolgt, erhoben.<\/p><p>Diese so erhobenen Daten werden vorr\u00fcbergehend gespeichert, dies jedoch nicht gemeinsam mit anderen Daten von Ihnen.<\/p><p>Diese Speicherung erfolgt auf der Rechtsgrundlage von Art. 6 Abs. 1 lit. f) DSGVO. Unser berechtigtes Interesse liegt in der Verbesserung, Stabilit\u00e4t, Funktionalit\u00e4t und Sicherheit unseres Internetauftritts.<\/p><p>Die Daten werden sp\u00e4testens nach sieben Tage wieder gel\u00f6scht, soweit keine weitere Aufbewahrung zu Beweiszwecken erforderlich ist. Andernfalls sind die Daten bis zur endg\u00fcltigen Kl\u00e4rung eines Vorfalls ganz oder teilweise von der L\u00f6schung ausgenommen.<\/p><h4 class=\"jet-listing-dynamic-field__content\">Google Analytics<\/h4><p>Wir nutzen auf unserer Webseite Google Analytics, einen Webanalysedienst der Firma Google Ireland Limited, Gordon House, Barrow Street, Dublin 4, Irland, einem Tochterunternehmen der Google LLC, 1600 Amphitheatre Parkway, Mountain View, CA 94043 USA, nachfolgend \u201eGoogle\u201c.<\/p><p>Google Analytics hilft uns dabei, die Nutzung der Website zu analysieren und die Effektivit\u00e4t unserer Marketing-Kampagnen zu messen. Rechtsgrundlage ist hierbei Art. 6 Abs. 1 lit. a DSGVO. Der Nutzer kann seine Einwilligung zur Nutzung von Google Analytics gem\u00e4\u00df Art. 7 Abs. 3 DSGVO jederzeit \u00fcber die \u201eCookie-Einstellungen\u201c unserer Webseite f\u00fcr die Zukunft widerrufen.<\/p><p>Informationen wie Zeit, Ort und H\u00e4ufigkeit der Webseitenbesuche sowie Interaktionen mit der Webseite (z. B. Klickpfade, gesehene\/angeklickte Anzeigen, Klicks auf Links) einschlie\u00dflich der IP-Adresse des Nutzers werden an einen Server von Google in den USA \u00fcbertragen und dort l\u00e4ngstens f\u00fcr 2 Monate gespeichert.<\/p><p>Google LLC ist Teil des \u201eData Privacy Framework\u201c, f\u00fcr das die EU-Kommission einen Angemessenheitsbeschluss gem\u00e4\u00df Art. 45 DSGVO erlassen hat:<\/p><p><a href=\"https:\/\/www.dataprivacyframework.gov\/list\" target=\"_blank\" rel=\"nofollow noopener\">https:\/\/www.dataprivacyframework.gov\/list<\/a><\/p><p>Google erfasst zudem \u201edemografische Merkmale\u201c und kann Statistiken erstellen, die Aussagen \u00fcber Alter, Geschlecht und Interessen der Seitenbesucher erm\u00f6glichen. Dies erfolgt durch die automatisierte Analyse von Werbung und Informationen von Drittanbietern.<\/p><p>Falls der Nutzer in seinem Google-Konto personalisierte Anzeigen aktiviert hat und Google Analytics zustimmt, kann Google das Nutzungsverhalten ger\u00e4te\u00fcbergreifend analysieren \u2013 also bezogen auf alle Ger\u00e4te, die der Nutzer mit seinem Google-Konto verkn\u00fcpft hat. Google erstellt dabei Modelle zu ger\u00e4te\u00fcbergreifenden Conversions; uns werden hierzu nur anonyme Statistiken \u00fcbermittelt, keine personenbezogenen Daten.<\/p><p>M\u00f6chte der Nutzer diese ger\u00e4te\u00fcbergreifende Analyse deaktivieren, kann er die Funktion \u201ePersonalisierte Werbung\u201c in den Einstellungen seines Google-Kontos unter folgendem Link ausschalten:<\/p><p><a href=\"https:\/\/support.google.com\/ads\/answer\/2662922?hl=de\" target=\"_blank\" rel=\"nofollow noopener\">https:\/\/support.google.com\/ads\/answer\/2662922?hl=de<\/a><\/p><p>Wir setzen Google Analytics mit einer Anonymisierungsfunktion ein. Dadurch wird die IP-Adresse des Nutzers von Google innerhalb der EU-Mitgliedstaaten oder in anderen Vertragsstaaten des EWR-Abkommens gek\u00fcrzt.<\/p><p>Google verwendet die erhobenen Daten, um den Webseitenbesuch des Nutzers auszuwerten und f\u00fcr uns Berichte \u00fcber die Websiteaktivit\u00e4ten zusammenzustellen. Die Daten werden au\u00dferdem genutzt, um weitere Dienstleistungen im Zusammenhang mit der Website- und Internetnutzung zu erbringen. Google kann diese Informationen gegebenenfalls an Dritte weitergeben, sofern gesetzlich erforderlich oder wenn Dritte diese Daten im Auftrag von Google verarbeiten.<\/p><p>Laut eigenen Angaben wird Google in keinem Fall die IP-Adresse des Nutzers mit anderen Daten von Google verkn\u00fcpfen. Weiterf\u00fchrende Informationen und M\u00f6glichkeiten zur Unterbindung der Datennutzung bietet Google hier:<\/p><p><a href=\"https:\/\/www.google.com\/intl\/de\/policies\/privacy\/partners\" target=\"_blank\" rel=\"nofollow noopener\">https:\/\/www.google.com\/intl\/de\/policies\/privacy\/partners<\/a><\/p><p>Falls der Nutzer mit der Erfassung nicht einverstanden ist, kann er diese auch durch die einmalige Installation des Browser-Add-ons zur Deaktivierung von Google Analytics unterbinden.<\/p><h4 class=\"jet-listing-dynamic-field__content\">IONOS WebAnalytics<\/h4><p>In unserem Internetauftritt setzen wir WebAnalytics ein. Hierbei handelt es sich um einen Analyse-Dienst der 1&amp;1 IONOS SE, Elgendorfer Str. 57, 56410 Montabaur, Deutschland, nachfolgend nur \u201eWebAnalytics\u201c genannt, mit dem wir die Benutzung unseres Internetauftritts analysieren k\u00f6nnen.<\/p><p>Zur Analyse werden anhand eines Pixels oder \u00fcber die Logfiles in unserem Auftrag Daten \u00fcber Typ und Version Ihres Internetbrowsers, Ihr Betriebssystem, der Typ Ihres Endger\u00e4tes, die Website, von der aus Sie auf unseren Internetauftritt gewechselt haben (Referrer URL), die Website(s) unseres Internetauftritts, die Sie besuchen, oder die Dateien, die Sie anfordern, Datum und Uhrzeit des jeweiligen Zugriffs sowie die anonymisierte IP-Adresse des Internetanschlusses, von dem aus die Nutzung unseres Internetauftritts erfolgt, erhoben.<\/p><p>Im Falle einer von Ihnen erteilten Einwilligung f\u00fcr diese Verarbeitung ist Rechtsgrundlage Art. 6 Abs. 1 lit. a DSGVO. Rechtsgrundlage kann auch Art. 6 Abs. 1 lit. f DSGVO sein. Unser berechtigtes Interesse liegt in der Analyse, Optimierung, Verbesserung sowie in dem wirtschaftlichen Betrieb unseres Internetauftritts.<\/p><h4 class=\"jet-listing-dynamic-field__content\">BootstrapCDN<\/h4><p>Zur Optimierung der Abrufgeschwindigkeit, der Gestaltung und Darstellung der Inhalte unseres Internetauftritts auf unterschiedlichen Endger\u00e4ten setzen wir in unserem Internetauftritt den Dienst BootstrapCDN, ein Content Delivery Network (\u201eCDN\u201c), ein. Hierbei handelt es sich um einen Dienst der StackPath, LLC, 2021 McKinney Ave. Suite 1100, Dallas, TX 75201, USA, nachfolgend nur \u201eBootstrapCDN\u201c genannt.<\/p><p>Um die Inhalte unseres Internetauftritts schnell ausliefern zu k\u00f6nnen, greift der Dienst auf sog. JavaScript-Bibliotheken zur\u00fcck. Dabei werden entsprechende Dateien von einem Server von BootstrapCDN geladen, der Ihre IP-Adresse erfasst.<\/p><p>Zudem bietet BootstrapCDN unter<\/p><p><a href=\"https:\/\/www.stackpath.com\/legal\/master-service-agreement\/#privacy\" target=\"_blank\" rel=\"noopener nofollow\">https:\/\/www.stackpath.com\/legal\/master-service-agreement\/#privacy<\/a> \u00a0\u00a0<\/p><p>weitergehende Datenschutzinformationen an.<\/p><p>Rechtsgrundlage ist Art. 6 Abs. 1 lit. f) DSGVO. Unser berechtigtes Interesse liegt in der Beschleunigung der Ladezeiten unseres Internetauftritts sowie in dessen Optimierung.<\/p><p>Um die Ausf\u00fchrung des Java-Script-Codes von BootstrapCDN insgesamt zu verhindern, k\u00f6nnen Sie einen sog. Java-Script-Blocker installieren, wie bspw. noscript.net oder ghostery.com. Sollten Sie die Ausf\u00fchrung des Java-Script-Codes verhindern oder einschr\u00e4nken, kann dies aus technischen Gr\u00fcnden allerdings dazu f\u00fchren, dass wom\u00f6glich nicht s\u00e4mtliche Inhalte und Funktionen unseres Internetauftritts verf\u00fcgbar sind.<\/p><h4 class=\"jet-listing-dynamic-field__content\">jQuery CDN<\/h4><p>Zur Optimierung der Abrufgeschwindigkeit, der Gestaltung und Darstellung der Inhalte unseres Internetauftritts auf unterschiedlichen Endger\u00e4ten setzen wir in unserem Internetauftritt den Dienst<\/p><p>jQuery CDN, ein Content Delivery Network (\u201eCDN\u201c), ein. Hierbei handelt es sich um einen Dienst der jQuery Foundation, nachfolgend nur \u201ejQuery\u201c genannt. jQuery wird f\u00fcr die JS Foundation \u00fcber das StackPath CDN verteilt.<\/p><p>Um die Inhalte unseres Internetauftritts schnell ausliefern zu k\u00f6nnen, greift der Dienst auf sog. JavaScript-Bibliotheken zur\u00fcck. Dabei werden entsprechende Dateien von dem CDN-Server geladen, soweit sie nicht schon durch einen Besuch eines anderen Internetauftritts in Ihrem Browser-Cache vorhanden sind. Im Falle der Verbindung zu dem CDN-Server wird Ihre IP-Adresse erfasst. Dabei kann nicht ausgeschlossen werden, dass eine Verbindung zu einem Server au\u00dferhalb der EU erfolgt.<\/p><p>Rechtsgrundlage ist Art. 6 Abs. 1 lit. f) DSGVO. Unser berechtigtes Interesse liegt in der Beschleunigung der Ladezeiten unseres Internetauftritts sowie in dessen Optimierung.<\/p><p>Um die Ausf\u00fchrung des Java-Script-Codes von jQuery insgesamt zu verhindern, k\u00f6nnen Sie einen sog. Java-Script-Blocker installieren, wie bspw. noscript.net oder ghostery.com. Sollten Sie die Ausf\u00fchrung des Java-Script-Codes verhindern oder einschr\u00e4nken, kann dies aus technischen Gr\u00fcnden allerdings dazu f\u00fchren, dass wom\u00f6glich nicht s\u00e4mtliche Inhalte und Funktionen unseres Internetauftritts verf\u00fcgbar sind.<\/p><p><a href=\"https:\/\/www.generator-datenschutzerkl\u00e4rung.de\" target=\"_blank\" rel=\"noopener\">Muster-Datenschutzerkl\u00e4rung<\/a> der <a href=\"https:\/\/www.bewertung-l\u00f6schen24.de\" target=\"_blank\" rel=\"nofollow noopener\">Anwaltskanzlei Wei\u00df &amp; Partner<\/a><\/p>\t\t\t\t\t\t\t\t<\/div>\n\t\t\t\t<\/div>\n\t\t\t\t\t<\/div>\n\t\t\t\t<\/div>\n\t\t\t\t<\/div>\n\t\t","protected":false},"excerpt":{"rendered":"<p>Datenschutz Personenbezogene Daten (nachfolgend zumeist nur \u201eDaten\u201c genannt) werden von uns nur im Rahmen der Erforderlichkeit sowie zum Zwecke der Bereitstellung eines funktionsf\u00e4higen und nutzerfreundlichen Internetauftritts, inklusive seiner Inhalte und der dort angebotenen Leistungen, verarbeitet. Gem\u00e4\u00df Art. 4 Ziffer 1. der Verordnung (EU) 2016\/679, also der Datenschutz-Grundverordnung (nachfolgend nur \u201eDSGVO\u201c genannt), gilt als \u201eVerarbeitung\u201c jeder [&hellip;]<\/p>\n","protected":false},"author":2,"featured_media":0,"parent":0,"menu_order":0,"comment_status":"closed","ping_status":"closed","template":"","meta":{"inline_featured_image":false,"footnotes":""},"class_list":["post-541","page","type-page","status-publish","hentry"],"_links":{"self":[{"href":"https:\/\/eniggmbh.de\/index.php?rest_route=\/wp\/v2\/pages\/541","targetHints":{"allow":["GET"]}}],"collection":[{"href":"https:\/\/eniggmbh.de\/index.php?rest_route=\/wp\/v2\/pages"}],"about":[{"href":"https:\/\/eniggmbh.de\/index.php?rest_route=\/wp\/v2\/types\/page"}],"author":[{"embeddable":true,"href":"https:\/\/eniggmbh.de\/index.php?rest_route=\/wp\/v2\/users\/2"}],"replies":[{"embeddable":true,"href":"https:\/\/eniggmbh.de\/index.php?rest_route=%2Fwp%2Fv2%2Fcomments&post=541"}],"version-history":[{"count":10,"href":"https:\/\/eniggmbh.de\/index.php?rest_route=\/wp\/v2\/pages\/541\/revisions"}],"predecessor-version":[{"id":1241,"href":"https:\/\/eniggmbh.de\/index.php?rest_route=\/wp\/v2\/pages\/541\/revisions\/1241"}],"wp:attachment":[{"href":"https:\/\/eniggmbh.de\/index.php?rest_route=%2Fwp%2Fv2%2Fmedia&parent=541"}],"curies":[{"name":"wp","href":"https:\/\/api.w.org\/{rel}","templated":true}]}}