{"id":419,"date":"2025-02-22T15:22:27","date_gmt":"2025-02-22T15:22:27","guid":{"rendered":"https:\/\/susanneruge.com\/enig\/?page_id=419"},"modified":"2025-03-26T14:55:18","modified_gmt":"2025-03-26T14:55:18","slug":"draenen-erosion","status":"publish","type":"page","link":"https:\/\/eniggmbh.de\/?page_id=419","title":{"rendered":"DR\u00c4NEN &#038; EROSION\u200b"},"content":{"rendered":"\t\t<div data-elementor-type=\"wp-page\" data-elementor-id=\"419\" class=\"elementor elementor-419\" data-elementor-post-type=\"page\">\n\t\t\t\t<div class=\"elementor-element elementor-element-7c69ab3 e-flex e-con-boxed e-con e-parent\" data-id=\"7c69ab3\" data-element_type=\"container\" data-settings=\"{&quot;background_background&quot;:&quot;gradient&quot;}\">\n\t\t\t\t\t<div class=\"e-con-inner\">\n\t\t\t\t<div class=\"elementor-element elementor-element-fac94d1 elementor-widget elementor-widget-menu-anchor\" data-id=\"fac94d1\" data-element_type=\"widget\" data-widget_type=\"menu-anchor.default\">\n\t\t\t\t<div class=\"elementor-widget-container\">\n\t\t\t\t\t\t\t<div class=\"elementor-menu-anchor\" id=\"start\"><\/div>\n\t\t\t\t\t\t<\/div>\n\t\t\t\t<\/div>\n\t\t\t\t<div class=\"elementor-element elementor-element-21eeedf elementor-widget elementor-widget-image\" data-id=\"21eeedf\" data-element_type=\"widget\" data-widget_type=\"image.default\">\n\t\t\t\t<div class=\"elementor-widget-container\">\n\t\t\t\t\t\t\t\t\t\t\t\t\t\t\t<img decoding=\"async\" width=\"259\" height=\"178\" src=\"https:\/\/eniggmbh.de\/wp-content\/uploads\/2024\/12\/Enig-Website-Wir-bauen-mit-an-der-Zukunft.-4.png\" class=\"attachment-large size-large wp-image-119\" alt=\"\" \/>\t\t\t\t\t\t\t\t\t\t\t\t\t\t\t<\/div>\n\t\t\t\t<\/div>\n\t\t\t\t<div class=\"elementor-element elementor-element-05b248b elementor-widget elementor-widget-heading\" data-id=\"05b248b\" data-element_type=\"widget\" data-widget_type=\"heading.default\">\n\t\t\t\t<div class=\"elementor-widget-container\">\n\t\t\t\t\t<h2 class=\"elementor-heading-title elementor-size-default\">DRAENEN &amp; EROSION<\/h2>\t\t\t\t<\/div>\n\t\t\t\t<\/div>\n\t\t\t\t<div class=\"elementor-element elementor-element-c67c45c elementor-widget elementor-widget-text-editor\" data-id=\"c67c45c\" data-element_type=\"widget\" data-widget_type=\"text-editor.default\">\n\t\t\t\t<div class=\"elementor-widget-container\">\n\t\t\t\t\t\t\t\t\t<h3 data-start=\"67\" data-end=\"141\"><strong data-start=\"71\" data-end=\"139\">Drainagematten \u2013 Effiziente und langlebige Entw\u00e4sserungsl\u00f6sungen<\/strong><\/h3><p data-start=\"143\" data-end=\"597\">Hochwertige Drainagematten bieten innovative L\u00f6sungen f\u00fcr eine zuverl\u00e4ssige Entw\u00e4sserung in unterschiedlichsten Anwendungsbereichen. Ob im <strong data-start=\"282\" data-end=\"323\">Stra\u00dfenbau, Tunnelbau oder Deponiebau<\/strong> \u2013 diese Produkte sorgen f\u00fcr einen optimalen Wasserabfluss und eine langfristige Stabilit\u00e4t. Entdecken Sie unser Produktsortiment, erfahren Sie mehr \u00fcber die Vorteile unserer Drainagematten und warum wir Ihr verl\u00e4sslicher Partner f\u00fcr nachhaltige Entw\u00e4sserungssysteme sind.<\/p><h3 data-start=\"599\" data-end=\"633\"><strong data-start=\"603\" data-end=\"631\">Was sind Drainagematten?<\/strong><\/h3><p data-start=\"635\" data-end=\"1258\">Drainagematten sind spezielle geosynthetische Materialien, die zur effizienten Ableitung von Wasser und zur Vermeidung von Wasseransammlungen eingesetzt werden. Sie bestehen aus einer Kombination von Geotextilien und strukturierten Drainagekernen, die eine gleichm\u00e4\u00dfige Entw\u00e4sserung erm\u00f6glichen. Diese Matten steuern den Wasserfluss gezielt in die gew\u00fcnschte Richtung und minimieren so das Risiko von <strong data-start=\"1036\" data-end=\"1073\">Erosion und hydrostatischem Druck<\/strong>. Dank ihrer stabilen und belastbaren Struktur gew\u00e4hrleisten sie eine gleichm\u00e4\u00dfige Druckverteilung und eine dauerhafte Funktionsf\u00e4higkeit \u2013 selbst unter anspruchsvollsten Bedingungen.<\/p><h3 data-start=\"75\" data-end=\"122\"><strong data-start=\"79\" data-end=\"120\">Anwendungsbereiche von Drainagematten<\/strong><\/h3><ul data-start=\"124\" data-end=\"649\"><li data-start=\"124\" data-end=\"250\"><strong data-start=\"126\" data-end=\"141\">Stra\u00dfenbau:<\/strong> Erh\u00f6hen die Tragf\u00e4higkeit und verl\u00e4ngern die Lebensdauer von Stra\u00dfen durch eine effektive Wasserableitung.<\/li><li data-start=\"251\" data-end=\"357\"><strong data-start=\"253\" data-end=\"267\">Tunnelbau:<\/strong> Verhindern Wasseransammlungen und sch\u00fctzen die Tunnelstruktur vor Feuchtigkeitssch\u00e4den.<\/li><li data-start=\"358\" data-end=\"459\"><strong data-start=\"360\" data-end=\"375\">Deponiebau:<\/strong> Sichern eine effiziente Entw\u00e4sserung und reduzieren die Bildung von Sickerwasser.<\/li><li data-start=\"460\" data-end=\"564\"><strong data-start=\"462\" data-end=\"486\">Fl\u00e4chenentw\u00e4sserung:<\/strong> Leiten Oberfl\u00e4chenwasser gezielt ab, um Staun\u00e4sse und Erosion zu vermeiden.<\/li><li data-start=\"565\" data-end=\"649\"><strong data-start=\"567\" data-end=\"582\">Gr\u00fcnd\u00e4cher:<\/strong> Unterst\u00fctzen die Pflanzenbew\u00e4sserung und beugen Wurzelf\u00e4ule vor.<\/li><li data-start=\"565\" data-end=\"649\"><h3 data-start=\"0\" data-end=\"37\"><strong data-start=\"4\" data-end=\"35\">Vorteile von Drainagematten<\/strong><\/h3><ul data-start=\"39\" data-end=\"614\"><li data-start=\"39\" data-end=\"163\"><strong data-start=\"41\" data-end=\"72\">Effiziente Wasserableitung:<\/strong> Optimierte Wellenstruktur sorgt f\u00fcr eine hohe Ableitkapazit\u00e4t und verhindert Wasserstau.<\/li><li data-start=\"164\" data-end=\"309\"><strong data-start=\"166\" data-end=\"194\">Langfristige Stabilit\u00e4t:<\/strong> Widerstandsf\u00e4hig gegen\u00fcber chemischen und biologischen Einfl\u00fcssen, gew\u00e4hrleistet eine dauerhafte Funktionalit\u00e4t.<\/li><li data-start=\"310\" data-end=\"405\" data-is-only-node=\"\"><strong data-start=\"312\" data-end=\"338\">Einfache Installation:<\/strong> Schnelle und effiziente Verlegung reduziert Bauzeit und -kosten.<\/li><li data-start=\"406\" data-end=\"496\"><strong data-start=\"408\" data-end=\"427\">Vielseitigkeit:<\/strong> F\u00fcr unterschiedlichste Anwendungen und Umweltbedingungen geeignet.<\/li><li data-start=\"497\" data-end=\"614\"><strong data-start=\"499\" data-end=\"518\">Nachhaltigkeit:<\/strong> Minimierung von Wasseransammlungen und Schutz vor Wassersch\u00e4den f\u00fcr eine langlebige Bauweise.<\/li><\/ul><\/li><\/ul>\t\t\t\t\t\t\t\t<\/div>\n\t\t\t\t<\/div>\n\t\t\t\t\t<\/div>\n\t\t\t\t<\/div>\n\t\t<div class=\"elementor-element elementor-element-30f64aa e-flex e-con-boxed e-con e-parent\" data-id=\"30f64aa\" data-element_type=\"container\">\n\t\t\t\t\t<div class=\"e-con-inner\">\n\t\t<div class=\"elementor-element elementor-element-beef05d e-con-full e-flex e-con e-child\" data-id=\"beef05d\" data-element_type=\"container\">\n\t\t\t\t<\/div>\n\t\t<div class=\"elementor-element elementor-element-c62afc9 e-con-full e-flex e-con e-child\" data-id=\"c62afc9\" data-element_type=\"container\">\n\t\t\t\t<\/div>\n\t\t\t\t\t<\/div>\n\t\t\t\t<\/div>\n\t\t\t\t<\/div>\n\t\t","protected":false},"excerpt":{"rendered":"<p>DRAENEN &amp; EROSION Drainagematten \u2013 Effiziente und langlebige Entw\u00e4sserungsl\u00f6sungen Hochwertige Drainagematten bieten innovative L\u00f6sungen f\u00fcr eine zuverl\u00e4ssige Entw\u00e4sserung in unterschiedlichsten Anwendungsbereichen. Ob im Stra\u00dfenbau, Tunnelbau oder Deponiebau \u2013 diese Produkte sorgen f\u00fcr einen optimalen Wasserabfluss und eine langfristige Stabilit\u00e4t. Entdecken Sie unser Produktsortiment, erfahren Sie mehr \u00fcber die Vorteile unserer Drainagematten und warum wir Ihr [&hellip;]<\/p>\n","protected":false},"author":2,"featured_media":0,"parent":0,"menu_order":0,"comment_status":"closed","ping_status":"closed","template":"","meta":{"inline_featured_image":false,"footnotes":""},"class_list":["post-419","page","type-page","status-publish","hentry"],"_links":{"self":[{"href":"https:\/\/eniggmbh.de\/index.php?rest_route=\/wp\/v2\/pages\/419","targetHints":{"allow":["GET"]}}],"collection":[{"href":"https:\/\/eniggmbh.de\/index.php?rest_route=\/wp\/v2\/pages"}],"about":[{"href":"https:\/\/eniggmbh.de\/index.php?rest_route=\/wp\/v2\/types\/page"}],"author":[{"embeddable":true,"href":"https:\/\/eniggmbh.de\/index.php?rest_route=\/wp\/v2\/users\/2"}],"replies":[{"embeddable":true,"href":"https:\/\/eniggmbh.de\/index.php?rest_route=%2Fwp%2Fv2%2Fcomments&post=419"}],"version-history":[{"count":31,"href":"https:\/\/eniggmbh.de\/index.php?rest_route=\/wp\/v2\/pages\/419\/revisions"}],"predecessor-version":[{"id":1048,"href":"https:\/\/eniggmbh.de\/index.php?rest_route=\/wp\/v2\/pages\/419\/revisions\/1048"}],"wp:attachment":[{"href":"https:\/\/eniggmbh.de\/index.php?rest_route=%2Fwp%2Fv2%2Fmedia&parent=419"}],"curies":[{"name":"wp","href":"https:\/\/api.w.org\/{rel}","templated":true}]}}