{"id":411,"date":"2025-02-22T15:22:27","date_gmt":"2025-02-22T15:22:27","guid":{"rendered":"https:\/\/susanneruge.com\/enig\/?page_id=411"},"modified":"2025-03-26T14:52:32","modified_gmt":"2025-03-26T14:52:32","slug":"bewehren","status":"publish","type":"page","link":"https:\/\/eniggmbh.de\/?page_id=411","title":{"rendered":"BEWEHREN"},"content":{"rendered":"\t\t<div data-elementor-type=\"wp-page\" data-elementor-id=\"411\" class=\"elementor elementor-411\" data-elementor-post-type=\"page\">\n\t\t\t\t<div class=\"elementor-element elementor-element-7c69ab3 e-flex e-con-boxed e-con e-parent\" data-id=\"7c69ab3\" data-element_type=\"container\" data-settings=\"{&quot;background_background&quot;:&quot;gradient&quot;}\">\n\t\t\t\t\t<div class=\"e-con-inner\">\n\t\t\t\t<div class=\"elementor-element elementor-element-87d4a3d elementor-widget elementor-widget-menu-anchor\" data-id=\"87d4a3d\" data-element_type=\"widget\" data-widget_type=\"menu-anchor.default\">\n\t\t\t\t<div class=\"elementor-widget-container\">\n\t\t\t\t\t\t\t<div class=\"elementor-menu-anchor\" id=\"start\"><\/div>\n\t\t\t\t\t\t<\/div>\n\t\t\t\t<\/div>\n\t\t\t\t<div class=\"elementor-element elementor-element-21eeedf elementor-widget elementor-widget-image\" data-id=\"21eeedf\" data-element_type=\"widget\" data-widget_type=\"image.default\">\n\t\t\t\t<div class=\"elementor-widget-container\">\n\t\t\t\t\t\t\t\t\t\t\t\t\t\t\t<img decoding=\"async\" width=\"259\" height=\"178\" src=\"https:\/\/eniggmbh.de\/wp-content\/uploads\/2024\/12\/Enig-Website-Wir-bauen-mit-an-der-Zukunft.-4.png\" class=\"attachment-large size-large wp-image-119\" alt=\"\" \/>\t\t\t\t\t\t\t\t\t\t\t\t\t\t\t<\/div>\n\t\t\t\t<\/div>\n\t\t\t\t<div class=\"elementor-element elementor-element-05b248b elementor-widget elementor-widget-heading\" data-id=\"05b248b\" data-element_type=\"widget\" data-widget_type=\"heading.default\">\n\t\t\t\t<div class=\"elementor-widget-container\">\n\t\t\t\t\t<h2 class=\"elementor-heading-title elementor-size-default\">BEWEHREN<\/h2>\t\t\t\t<\/div>\n\t\t\t\t<\/div>\n\t\t\t\t<div class=\"elementor-element elementor-element-c67c45c elementor-widget elementor-widget-text-editor\" data-id=\"c67c45c\" data-element_type=\"widget\" data-widget_type=\"text-editor.default\">\n\t\t\t\t<div class=\"elementor-widget-container\">\n\t\t\t\t\t\t\t\t\t<p data-start=\"0\" data-end=\"65\"><strong data-start=\"0\" data-end=\"63\">Professionelle Verlegung von Geogittern durch die Enig GmbH<\/strong><\/p><p data-start=\"67\" data-end=\"395\">Die Enig GmbH ist Ihr Spezialist f\u00fcr die fachgerechte Verlegung von <strong data-start=\"135\" data-end=\"157\">Geogitter-L\u00f6sungen<\/strong> zur Bodenbewehrung und Stabilisierung. Wir verlegen hochwertige Geogitter, die durch ihre hohe Zugfestigkeit und Steifigkeit die Tragf\u00e4higkeit des Bodens optimieren und Lasten gleichm\u00e4\u00dfig verteilen.<\/p><p data-start=\"397\" data-end=\"848\">Geogitter kommen in zahlreichen Anwendungen zum Einsatz, darunter:<br data-start=\"470\" data-end=\"473\" \/>\u2705 <strong data-start=\"475\" data-end=\"489\">Stra\u00dfenbau<\/strong> \u2013 Erh\u00f6hte Stabilit\u00e4t und l\u00e4ngere Lebensdauer von Fahrbahnen<br data-start=\"549\" data-end=\"552\" data-is-only-node=\"\" \/>\u2705 <strong data-start=\"554\" data-end=\"570\">Eisenbahnbau<\/strong> \u2013 Verbesserte Gleisbettstabilit\u00e4t und reduzierte Wartungskosten<br data-start=\"634\" data-end=\"637\" \/>\u2705 <strong data-start=\"639\" data-end=\"661\">B\u00f6schungssicherung<\/strong> \u2013 Schutz vor Erosion und Erdrutschen<br data-start=\"698\" data-end=\"701\" \/>\u2705 <strong data-start=\"703\" data-end=\"718\">St\u00fctzmauern<\/strong> \u2013 Verst\u00e4rkung und Sicherung von Konstruktionen<br data-start=\"765\" data-end=\"768\" \/>\u2705 <strong data-start=\"770\" data-end=\"786\">Umweltschutz<\/strong> \u2013 Einsatz in Deponieabdichtungen und nachhaltigen Bauweisen<\/p><p data-start=\"850\" data-end=\"1066\" data-is-last-node=\"\" data-is-only-node=\"\">Mit unserer Erfahrung und Pr\u00e4zision sorgen wir f\u00fcr eine <strong data-start=\"906\" data-end=\"945\">effiziente und langlebige Verlegung<\/strong> \u2013 nachhaltig, wirtschaftlich und zuverl\u00e4ssig. Vertrauen Sie auf die Enig GmbH als Ihren Partner f\u00fcr Geogitter-Verlegung!<\/p>\t\t\t\t\t\t\t\t<\/div>\n\t\t\t\t<\/div>\n\t\t\t\t\t<\/div>\n\t\t\t\t<\/div>\n\t\t\t\t<\/div>\n\t\t","protected":false},"excerpt":{"rendered":"<p>BEWEHREN Professionelle Verlegung von Geogittern durch die Enig GmbH Die Enig GmbH ist Ihr Spezialist f\u00fcr die fachgerechte Verlegung von Geogitter-L\u00f6sungen zur Bodenbewehrung und Stabilisierung. Wir verlegen hochwertige Geogitter, die durch ihre hohe Zugfestigkeit und Steifigkeit die Tragf\u00e4higkeit des Bodens optimieren und Lasten gleichm\u00e4\u00dfig verteilen. Geogitter kommen in zahlreichen Anwendungen zum Einsatz, darunter:\u2705 Stra\u00dfenbau \u2013 [&hellip;]<\/p>\n","protected":false},"author":2,"featured_media":0,"parent":0,"menu_order":0,"comment_status":"closed","ping_status":"closed","template":"","meta":{"inline_featured_image":false,"footnotes":""},"class_list":["post-411","page","type-page","status-publish","hentry"],"_links":{"self":[{"href":"https:\/\/eniggmbh.de\/index.php?rest_route=\/wp\/v2\/pages\/411","targetHints":{"allow":["GET"]}}],"collection":[{"href":"https:\/\/eniggmbh.de\/index.php?rest_route=\/wp\/v2\/pages"}],"about":[{"href":"https:\/\/eniggmbh.de\/index.php?rest_route=\/wp\/v2\/types\/page"}],"author":[{"embeddable":true,"href":"https:\/\/eniggmbh.de\/index.php?rest_route=\/wp\/v2\/users\/2"}],"replies":[{"embeddable":true,"href":"https:\/\/eniggmbh.de\/index.php?rest_route=%2Fwp%2Fv2%2Fcomments&post=411"}],"version-history":[{"count":19,"href":"https:\/\/eniggmbh.de\/index.php?rest_route=\/wp\/v2\/pages\/411\/revisions"}],"predecessor-version":[{"id":1042,"href":"https:\/\/eniggmbh.de\/index.php?rest_route=\/wp\/v2\/pages\/411\/revisions\/1042"}],"wp:attachment":[{"href":"https:\/\/eniggmbh.de\/index.php?rest_route=%2Fwp%2Fv2%2Fmedia&parent=411"}],"curies":[{"name":"wp","href":"https:\/\/api.w.org\/{rel}","templated":true}]}}